{"id":2183,"date":"2021-11-21T06:05:13","date_gmt":"2021-11-21T05:05:13","guid":{"rendered":"https:\/\/cftmc-nc.com\/?page_id=2183"},"modified":"2023-10-08T13:54:19","modified_gmt":"2023-10-08T11:54:19","slug":"certificat-de-prepose-au-tir-cpt","status":"publish","type":"page","link":"https:\/\/cftmc-nc.com\/index.php\/certificat-de-prepose-au-tir-cpt\/","title":{"rendered":"Certificat de Pre\u0301pose\u0301 au Tir-CPT"},"content":{"rendered":"\t\t<div data-elementor-type=\"wp-page\" data-elementor-id=\"2183\" class=\"elementor elementor-2183\">\n\t\t\t\t\t\t\t\t\t<section class=\"elementor-section elementor-top-section elementor-element elementor-element-c9t20o4 elementor-section-boxed elementor-section-height-default elementor-section-height-default\" data-id=\"c9t20o4\" data-element_type=\"section\" data-settings=\"{&quot;background_background&quot;:&quot;classic&quot;}\">\n\t\t\t\t\t\t\t<div class=\"elementor-background-overlay\"><\/div>\n\t\t\t\t\t\t\t<div class=\"elementor-container elementor-column-gap-default\">\n\t\t\t\t\t<div class=\"elementor-column elementor-col-100 elementor-top-column elementor-element elementor-element-2511051\" data-id=\"2511051\" data-element_type=\"column\">\n\t\t\t<div class=\"elementor-widget-wrap elementor-element-populated\">\n\t\t\t\t\t\t\t\t<div class=\"elementor-element elementor-element-80a6da6 elementor-widget elementor-widget-heading\" data-id=\"80a6da6\" data-element_type=\"widget\" data-widget_type=\"heading.default\">\n\t\t\t\t<div class=\"elementor-widget-container\">\n\t\t\t<style>\/*! elementor - v3.18.0 - 20-12-2023 *\/\n.elementor-heading-title{padding:0;margin:0;line-height:1}.elementor-widget-heading .elementor-heading-title[class*=elementor-size-]>a{color:inherit;font-size:inherit;line-height:inherit}.elementor-widget-heading .elementor-heading-title.elementor-size-small{font-size:15px}.elementor-widget-heading .elementor-heading-title.elementor-size-medium{font-size:19px}.elementor-widget-heading .elementor-heading-title.elementor-size-large{font-size:29px}.elementor-widget-heading .elementor-heading-title.elementor-size-xl{font-size:39px}.elementor-widget-heading .elementor-heading-title.elementor-size-xxl{font-size:59px}<\/style><h1 class=\"elementor-heading-title elementor-size-default\">Certificat de Pre\u0301pose\u0301 au Tir-CPT\n<\/h1>\t\t<\/div>\n\t\t\t\t<\/div>\n\t\t\t\t<div class=\"elementor-element elementor-element-315051a elementor-widget-divider--view-line elementor-widget elementor-widget-divider\" data-id=\"315051a\" data-element_type=\"widget\" data-widget_type=\"divider.default\">\n\t\t\t\t<div class=\"elementor-widget-container\">\n\t\t\t<style>\/*! elementor - v3.18.0 - 20-12-2023 *\/\n.elementor-widget-divider{--divider-border-style:none;--divider-border-width:1px;--divider-color:#0c0d0e;--divider-icon-size:20px;--divider-element-spacing:10px;--divider-pattern-height:24px;--divider-pattern-size:20px;--divider-pattern-url:none;--divider-pattern-repeat:repeat-x}.elementor-widget-divider .elementor-divider{display:flex}.elementor-widget-divider .elementor-divider__text{font-size:15px;line-height:1;max-width:95%}.elementor-widget-divider .elementor-divider__element{margin:0 var(--divider-element-spacing);flex-shrink:0}.elementor-widget-divider .elementor-icon{font-size:var(--divider-icon-size)}.elementor-widget-divider .elementor-divider-separator{display:flex;margin:0;direction:ltr}.elementor-widget-divider--view-line_icon .elementor-divider-separator,.elementor-widget-divider--view-line_text .elementor-divider-separator{align-items:center}.elementor-widget-divider--view-line_icon .elementor-divider-separator:after,.elementor-widget-divider--view-line_icon .elementor-divider-separator:before,.elementor-widget-divider--view-line_text .elementor-divider-separator:after,.elementor-widget-divider--view-line_text .elementor-divider-separator:before{display:block;content:\"\";border-bottom:0;flex-grow:1;border-top:var(--divider-border-width) var(--divider-border-style) var(--divider-color)}.elementor-widget-divider--element-align-left .elementor-divider .elementor-divider-separator>.elementor-divider__svg:first-of-type{flex-grow:0;flex-shrink:100}.elementor-widget-divider--element-align-left .elementor-divider-separator:before{content:none}.elementor-widget-divider--element-align-left .elementor-divider__element{margin-left:0}.elementor-widget-divider--element-align-right .elementor-divider .elementor-divider-separator>.elementor-divider__svg:last-of-type{flex-grow:0;flex-shrink:100}.elementor-widget-divider--element-align-right .elementor-divider-separator:after{content:none}.elementor-widget-divider--element-align-right .elementor-divider__element{margin-right:0}.elementor-widget-divider:not(.elementor-widget-divider--view-line_text):not(.elementor-widget-divider--view-line_icon) .elementor-divider-separator{border-top:var(--divider-border-width) var(--divider-border-style) var(--divider-color)}.elementor-widget-divider--separator-type-pattern{--divider-border-style:none}.elementor-widget-divider--separator-type-pattern.elementor-widget-divider--view-line .elementor-divider-separator,.elementor-widget-divider--separator-type-pattern:not(.elementor-widget-divider--view-line) .elementor-divider-separator:after,.elementor-widget-divider--separator-type-pattern:not(.elementor-widget-divider--view-line) .elementor-divider-separator:before,.elementor-widget-divider--separator-type-pattern:not([class*=elementor-widget-divider--view]) .elementor-divider-separator{width:100%;min-height:var(--divider-pattern-height);-webkit-mask-size:var(--divider-pattern-size) 100%;mask-size:var(--divider-pattern-size) 100%;-webkit-mask-repeat:var(--divider-pattern-repeat);mask-repeat:var(--divider-pattern-repeat);background-color:var(--divider-color);-webkit-mask-image:var(--divider-pattern-url);mask-image:var(--divider-pattern-url)}.elementor-widget-divider--no-spacing{--divider-pattern-size:auto}.elementor-widget-divider--bg-round{--divider-pattern-repeat:round}.rtl .elementor-widget-divider .elementor-divider__text{direction:rtl}.e-con-inner>.elementor-widget-divider,.e-con>.elementor-widget-divider{width:var(--container-widget-width,100%);--flex-grow:var(--container-widget-flex-grow)}<\/style>\t\t<div class=\"elementor-divider\">\n\t\t\t<span class=\"elementor-divider-separator\">\n\t\t\t\t\t\t<\/span>\n\t\t<\/div>\n\t\t\t\t<\/div>\n\t\t\t\t<\/div>\n\t\t\t\t<section class=\"elementor-section elementor-inner-section elementor-element elementor-element-6cf8e85 elementor-section-boxed elementor-section-height-default elementor-section-height-default\" data-id=\"6cf8e85\" data-element_type=\"section\" data-settings=\"{&quot;background_background&quot;:&quot;classic&quot;}\">\n\t\t\t\t\t\t<div class=\"elementor-container elementor-column-gap-default\">\n\t\t\t\t\t<div class=\"elementor-column elementor-col-50 elementor-inner-column elementor-element elementor-element-1069e7d\" data-id=\"1069e7d\" data-element_type=\"column\" data-settings=\"{&quot;background_background&quot;:&quot;classic&quot;}\">\n\t\t\t<div class=\"elementor-widget-wrap elementor-element-populated\">\n\t\t\t\t\t\t\t\t<div class=\"elementor-element elementor-element-50e36a5 elementor-view-default elementor-position-top elementor-mobile-position-top elementor-widget elementor-widget-icon-box\" data-id=\"50e36a5\" data-element_type=\"widget\" data-widget_type=\"icon-box.default\">\n\t\t\t\t<div class=\"elementor-widget-container\">\n\t\t\t<link rel=\"stylesheet\" href=\"https:\/\/cftmc-nc.com\/wp-content\/plugins\/elementor\/assets\/css\/widget-icon-box.min.css\">\t\t<div class=\"elementor-icon-box-wrapper\">\n\t\t\t\t\t\t<div class=\"elementor-icon-box-icon\">\n\t\t\t\t<span  class=\"elementor-icon elementor-animation-\">\n\t\t\t\t<i aria-hidden=\"true\" class=\"fas fa-user-graduate\"><\/i>\t\t\t\t<\/span>\n\t\t\t<\/div>\n\t\t\t\t\t\t<div class=\"elementor-icon-box-content\">\n\t\t\t\t<h3 class=\"elementor-icon-box-title\">\n\t\t\t\t\t<span  >\n\t\t\t\t\t\tLa formation\t\t\t\t\t<\/span>\n\t\t\t\t<\/h3>\n\t\t\t\t\t\t\t\t\t<p class=\"elementor-icon-box-description\">\n\t\t\t\t\t\tCe stage pr\u00e9pare \u00e0 l\u2019examen du Certificat de Pr\u00e9pos\u00e9 au Tir. Dans le cadre des r\u00e9glementations relatives \u00e0 l\u2019emploi des explosifs. <br><br>Le pr\u00e9pos\u00e9 au tir est charg\u00e9 de la mise en \u0153uvre des substances explosives et de la r\u00e9alisation du tir en appliquant et en faisant respecter les r\u00e8gles de s\u00e9curit\u00e9. <br><br>Le pr\u00e9pos\u00e9 au tir exerce son activit\u00e9 dans les mines, carri\u00e8res, travaux publics et dans des travaux industriels divers r\u00e9alis\u00e9s \u00e0 l\u2019explosif. C\u2019est une formation qualifiante en vue d\u2019un Certificat de niveau IV.\t\t\t\t\t<\/p>\n\t\t\t\t\t\t\t<\/div>\n\t\t<\/div>\n\t\t\t\t<\/div>\n\t\t\t\t<\/div>\n\t\t\t\t\t<\/div>\n\t\t<\/div>\n\t\t\t\t<div class=\"elementor-column elementor-col-50 elementor-inner-column elementor-element elementor-element-3ea06cf\" data-id=\"3ea06cf\" data-element_type=\"column\" data-settings=\"{&quot;background_background&quot;:&quot;classic&quot;}\">\n\t\t\t<div class=\"elementor-widget-wrap elementor-element-populated\">\n\t\t\t\t\t\t\t\t<div class=\"elementor-element elementor-element-6a94040 elementor-view-default elementor-position-top elementor-mobile-position-top elementor-widget elementor-widget-icon-box\" data-id=\"6a94040\" data-element_type=\"widget\" data-widget_type=\"icon-box.default\">\n\t\t\t\t<div class=\"elementor-widget-container\">\n\t\t\t\t\t<div class=\"elementor-icon-box-wrapper\">\n\t\t\t\t\t\t<div class=\"elementor-icon-box-icon\">\n\t\t\t\t<span  class=\"elementor-icon elementor-animation-\">\n\t\t\t\t<i aria-hidden=\"true\" class=\"fas fa-check-circle\"><\/i>\t\t\t\t<\/span>\n\t\t\t<\/div>\n\t\t\t\t\t\t<div class=\"elementor-icon-box-content\">\n\t\t\t\t<h3 class=\"elementor-icon-box-title\">\n\t\t\t\t\t<span  >\n\t\t\t\t\t\tD\u00e9marche \u00e0 suivre\t\t\t\t\t<\/span>\n\t\t\t\t<\/h3>\n\t\t\t\t\t\t\t\t\t<p class=\"elementor-icon-box-description\">\n\t\t\t\t\t\tPour tous renseignements, veuillez nous contacter soit par mail \u00e0 l\u2019adresse suivante : <b><span \n                data-original-string='s28vVSD9uxOyKaHkiOprsg==cc7nvirwhEGuIKKEoElL1jMLTCQmV33sl1XZYM00SpKX9k='\n                class='apbct-email-encoder'\n                title='This contact has been encoded by Anti-Spam by CleanTalk. Click to decode. To finish the decoding make sure that JavaScript is enabled in your browser.'>co<span class=\"apbct-blur\">*****<\/span>@<span class=\"apbct-blur\">***<\/span>mc.nc<\/span> <\/b> soit par t\u00e9l\u00e9phone au <b>(+687) 425-756 <\/b>\t\t\t\t\t<\/p>\n\t\t\t\t\t\t\t<\/div>\n\t\t<\/div>\n\t\t\t\t<\/div>\n\t\t\t\t<\/div>\n\t\t\t\t\t<\/div>\n\t\t<\/div>\n\t\t\t\t\t\t\t<\/div>\n\t\t<\/section>\n\t\t\t\t\t<\/div>\n\t\t<\/div>\n\t\t\t\t\t\t\t<\/div>\n\t\t<\/section>\n\t\t\t\t<section class=\"elementor-section elementor-top-section elementor-element elementor-element-db17ac3 elementor-section-boxed elementor-section-height-default elementor-section-height-default\" data-id=\"db17ac3\" data-element_type=\"section\">\n\t\t\t\t\t\t<div class=\"elementor-container elementor-column-gap-default\">\n\t\t\t\t\t<div class=\"elementor-column elementor-col-100 elementor-top-column elementor-element elementor-element-0a3b3ea\" data-id=\"0a3b3ea\" data-element_type=\"column\">\n\t\t\t<div class=\"elementor-widget-wrap elementor-element-populated\">\n\t\t\t\t\t\t\t\t<div class=\"elementor-element elementor-element-6eca0d7 elementor-view-default elementor-widget elementor-widget-icon\" data-id=\"6eca0d7\" data-element_type=\"widget\" data-widget_type=\"icon.default\">\n\t\t\t\t<div class=\"elementor-widget-container\">\n\t\t\t\t\t<div class=\"elementor-icon-wrapper\">\n\t\t\t<div class=\"elementor-icon\">\n\t\t\t<i aria-hidden=\"true\" class=\"fas fa-file-pdf\"><\/i>\t\t\t<\/div>\n\t\t<\/div>\n\t\t\t\t<\/div>\n\t\t\t\t<\/div>\n\t\t\t\t\t<\/div>\n\t\t<\/div>\n\t\t\t\t\t\t\t<\/div>\n\t\t<\/section>\n\t\t\t\t<section class=\"elementor-section elementor-top-section elementor-element elementor-element-af21749 elementor-section-boxed elementor-section-height-default elementor-section-height-default\" data-id=\"af21749\" data-element_type=\"section\">\n\t\t\t\t\t\t<div class=\"elementor-container elementor-column-gap-default\">\n\t\t\t\t\t<div class=\"elementor-column elementor-col-100 elementor-top-column elementor-element elementor-element-c0470b2\" data-id=\"c0470b2\" data-element_type=\"column\">\n\t\t\t<div class=\"elementor-widget-wrap elementor-element-populated\">\n\t\t\t\t\t\t\t\t<div class=\"elementor-element elementor-element-85f227d elementor-widget elementor-widget-text-editor\" data-id=\"85f227d\" data-element_type=\"widget\" data-widget_type=\"text-editor.default\">\n\t\t\t\t<div class=\"elementor-widget-container\">\n\t\t\t<style>\/*! elementor - v3.18.0 - 20-12-2023 *\/\n.elementor-widget-text-editor.elementor-drop-cap-view-stacked .elementor-drop-cap{background-color:#69727d;color:#fff}.elementor-widget-text-editor.elementor-drop-cap-view-framed .elementor-drop-cap{color:#69727d;border:3px solid;background-color:transparent}.elementor-widget-text-editor:not(.elementor-drop-cap-view-default) .elementor-drop-cap{margin-top:8px}.elementor-widget-text-editor:not(.elementor-drop-cap-view-default) .elementor-drop-cap-letter{width:1em;height:1em}.elementor-widget-text-editor .elementor-drop-cap{float:left;text-align:center;line-height:1;font-size:50px}.elementor-widget-text-editor .elementor-drop-cap-letter{display:inline-block}<\/style>\t\t\t\t<p><strong><a href=\"https:\/\/cftmc-nc.com\/wp-content\/uploads\/2021\/12\/Certificat_de_Prepose_au_Tir-CPT.pdf\">Certificat de Pr\u00e9pos\u00e9 au Tir-CPT<\/a><\/strong><\/p>\t\t\t\t\t\t<\/div>\n\t\t\t\t<\/div>\n\t\t\t\t<div class=\"elementor-element elementor-element-9423c3b elementor-widget-divider--view-line elementor-widget elementor-widget-divider\" data-id=\"9423c3b\" data-element_type=\"widget\" data-widget_type=\"divider.default\">\n\t\t\t\t<div class=\"elementor-widget-container\">\n\t\t\t\t\t<div class=\"elementor-divider\">\n\t\t\t<span class=\"elementor-divider-separator\">\n\t\t\t\t\t\t<\/span>\n\t\t<\/div>\n\t\t\t\t<\/div>\n\t\t\t\t<\/div>\n\t\t\t\t<div class=\"elementor-element elementor-element-21f0baa elementor-align-center elementor-widget elementor-widget-button\" data-id=\"21f0baa\" data-element_type=\"widget\" data-widget_type=\"button.default\">\n\t\t\t\t<div class=\"elementor-widget-container\">\n\t\t\t\t\t<div class=\"elementor-button-wrapper\">\n\t\t\t<a class=\"elementor-button elementor-button-link elementor-size-sm elementor-animation-grow\" href=\"http:\/\/cftmc-nc.com\/wp-content\/uploads\/2023\/10\/Agrement-for-cont-CPT-2015.pdf\" target=\"_blank\">\n\t\t\t\t\t\t<span class=\"elementor-button-content-wrapper\">\n\t\t\t\t\t\t<span class=\"elementor-button-text\">T\u00e9l\u00e9charger la formation<\/span>\n\t\t<\/span>\n\t\t\t\t\t<\/a>\n\t\t<\/div>\n\t\t\t\t<\/div>\n\t\t\t\t<\/div>\n\t\t\t\t<div class=\"elementor-element elementor-element-4e909ff elementor-widget elementor-widget-spacer\" data-id=\"4e909ff\" data-element_type=\"widget\" data-widget_type=\"spacer.default\">\n\t\t\t\t<div class=\"elementor-widget-container\">\n\t\t\t<style>\/*! elementor - v3.18.0 - 20-12-2023 *\/\n.elementor-column .elementor-spacer-inner{height:var(--spacer-size)}.e-con{--container-widget-width:100%}.e-con-inner>.elementor-widget-spacer,.e-con>.elementor-widget-spacer{width:var(--container-widget-width,var(--spacer-size));--align-self:var(--container-widget-align-self,initial);--flex-shrink:0}.e-con-inner>.elementor-widget-spacer>.elementor-widget-container,.e-con>.elementor-widget-spacer>.elementor-widget-container{height:100%;width:100%}.e-con-inner>.elementor-widget-spacer>.elementor-widget-container>.elementor-spacer,.e-con>.elementor-widget-spacer>.elementor-widget-container>.elementor-spacer{height:100%}.e-con-inner>.elementor-widget-spacer>.elementor-widget-container>.elementor-spacer>.elementor-spacer-inner,.e-con>.elementor-widget-spacer>.elementor-widget-container>.elementor-spacer>.elementor-spacer-inner{height:var(--container-widget-height,var(--spacer-size))}.e-con-inner>.elementor-widget-spacer.elementor-widget-empty,.e-con>.elementor-widget-spacer.elementor-widget-empty{position:relative;min-height:22px;min-width:22px}.e-con-inner>.elementor-widget-spacer.elementor-widget-empty .elementor-widget-empty-icon,.e-con>.elementor-widget-spacer.elementor-widget-empty .elementor-widget-empty-icon{position:absolute;top:0;bottom:0;left:0;right:0;margin:auto;padding:0;width:22px;height:22px}<\/style>\t\t<div class=\"elementor-spacer\">\n\t\t\t<div class=\"elementor-spacer-inner\"><\/div>\n\t\t<\/div>\n\t\t\t\t<\/div>\n\t\t\t\t<\/div>\n\t\t\t\t\t<\/div>\n\t\t<\/div>\n\t\t\t\t\t\t\t<\/div>\n\t\t<\/section>\n\t\t\t\t\t\t\t<\/div>\n\t\t","protected":false},"excerpt":{"rendered":"<p>Certificat de Pre\u0301pose\u0301 au Tir-CPT La formation Ce stage pr\u00e9pare \u00e0 l\u2019examen du Certificat de Pr\u00e9pos\u00e9 au Tir. Dans le cadre des r\u00e9glementations relatives \u00e0 l\u2019emploi des explosifs. Le pr\u00e9pos\u00e9 au tir est charg\u00e9 de la mise en \u0153uvre des substances explosives et de la r\u00e9alisation du tir en appliquant et en faisant respecter les [&hellip;]<\/p>\n","protected":false},"author":1,"featured_media":0,"parent":0,"menu_order":0,"comment_status":"closed","ping_status":"closed","template":"","meta":{"site-sidebar-layout":"no-sidebar","site-content-layout":"page-builder","ast-site-content-layout":"","site-content-style":"default","site-sidebar-style":"default","ast-global-header-display":"","ast-banner-title-visibility":"","ast-main-header-display":"","ast-hfb-above-header-display":"","ast-hfb-below-header-display":"","ast-hfb-mobile-header-display":"","site-post-title":"disabled","ast-breadcrumbs-content":"","ast-featured-img":"disabled","footer-sml-layout":"","theme-transparent-header-meta":"default","adv-header-id-meta":"","stick-header-meta":"","header-above-stick-meta":"","header-main-stick-meta":"","header-below-stick-meta":"","astra-migrate-meta-layouts":"default","ast-page-background-enabled":"default","ast-page-background-meta":{"desktop":{"background-color":"","background-image":"","background-repeat":"repeat","background-position":"center center","background-size":"auto","background-attachment":"scroll","background-type":"","background-media":"","overlay-type":"","overlay-color":"","overlay-gradient":""},"tablet":{"background-color":"","background-image":"","background-repeat":"repeat","background-position":"center center","background-size":"auto","background-attachment":"scroll","background-type":"","background-media":"","overlay-type":"","overlay-color":"","overlay-gradient":""},"mobile":{"background-color":"","background-image":"","background-repeat":"repeat","background-position":"center center","background-size":"auto","background-attachment":"scroll","background-type":"","background-media":"","overlay-type":"","overlay-color":"","overlay-gradient":""}},"ast-content-background-meta":{"desktop":{"background-color":"var(--ast-global-color-5)","background-image":"","background-repeat":"repeat","background-position":"center center","background-size":"auto","background-attachment":"scroll","background-type":"","background-media":"","overlay-type":"","overlay-color":"","overlay-gradient":""},"tablet":{"background-color":"var(--ast-global-color-5)","background-image":"","background-repeat":"repeat","background-position":"center center","background-size":"auto","background-attachment":"scroll","background-type":"","background-media":"","overlay-type":"","overlay-color":"","overlay-gradient":""},"mobile":{"background-color":"var(--ast-global-color-5)","background-image":"","background-repeat":"repeat","background-position":"center center","background-size":"auto","background-attachment":"scroll","background-type":"","background-media":"","overlay-type":"","overlay-color":"","overlay-gradient":""}},"footnotes":""},"yoast_head":"<!-- This site is optimized with the Yoast SEO plugin v23.5 - https:\/\/yoast.com\/wordpress\/plugins\/seo\/ -->\n<title>Certificat de Pre\u0301pose\u0301 au Tir-CPT<\/title>\n<meta name=\"description\" content=\"Ce stage pr\u00e9pare \u00e0 l\u2019examen du Certificat de Pr\u00e9pos\u00e9 au Tir. Dans le cadre des r\u00e9glementations relatives \u00e0 l\u2019emploi des explosifs.\" \/>\n<meta name=\"robots\" content=\"noindex, follow\" \/>\n<meta property=\"og:locale\" content=\"en_US\" \/>\n<meta property=\"og:type\" content=\"article\" \/>\n<meta property=\"og:title\" content=\"Certificat de Pre\u0301pose\u0301 au Tir-CPT\" \/>\n<meta property=\"og:description\" content=\"Ce stage pr\u00e9pare \u00e0 l\u2019examen du Certificat de Pr\u00e9pos\u00e9 au Tir. Dans le cadre des r\u00e9glementations relatives \u00e0 l\u2019emploi des explosifs.\" \/>\n<meta property=\"og:url\" content=\"https:\/\/cftmc-nc.com\/index.php\/certificat-de-prepose-au-tir-cpt\/\" \/>\n<meta property=\"og:site_name\" content=\"WordPress\" \/>\n<meta property=\"article:modified_time\" content=\"2023-10-08T11:54:19+00:00\" \/>\n<meta name=\"twitter:card\" content=\"summary_large_image\" \/>\n<meta name=\"twitter:label1\" content=\"Est. reading time\" \/>\n\t<meta name=\"twitter:data1\" content=\"1 minute\" \/>\n<script type=\"application\/ld+json\" class=\"yoast-schema-graph\">{\"@context\":\"https:\/\/schema.org\",\"@graph\":[{\"@type\":\"WebPage\",\"@id\":\"https:\/\/cftmc-nc.com\/index.php\/certificat-de-prepose-au-tir-cpt\/\",\"url\":\"https:\/\/cftmc-nc.com\/index.php\/certificat-de-prepose-au-tir-cpt\/\",\"name\":\"Certificat de Pre\u0301pose\u0301 au Tir-CPT\",\"isPartOf\":{\"@id\":\"https:\/\/cftmc-nc.com\/#website\"},\"datePublished\":\"2021-11-21T05:05:13+00:00\",\"dateModified\":\"2023-10-08T11:54:19+00:00\",\"description\":\"Ce stage pr\u00e9pare \u00e0 l\u2019examen du Certificat de Pr\u00e9pos\u00e9 au Tir. Dans le cadre des r\u00e9glementations relatives \u00e0 l\u2019emploi des explosifs.\",\"breadcrumb\":{\"@id\":\"https:\/\/cftmc-nc.com\/index.php\/certificat-de-prepose-au-tir-cpt\/#breadcrumb\"},\"inLanguage\":\"en-US\",\"potentialAction\":[{\"@type\":\"ReadAction\",\"target\":[\"https:\/\/cftmc-nc.com\/index.php\/certificat-de-prepose-au-tir-cpt\/\"]}]},{\"@type\":\"BreadcrumbList\",\"@id\":\"https:\/\/cftmc-nc.com\/index.php\/certificat-de-prepose-au-tir-cpt\/#breadcrumb\",\"itemListElement\":[{\"@type\":\"ListItem\",\"position\":1,\"name\":\"Accueil\",\"item\":\"https:\/\/cftmc-nc.com\/\"},{\"@type\":\"ListItem\",\"position\":2,\"name\":\"Certificat de Pre\u0301pose\u0301 au Tir-CPT\"}]},{\"@type\":\"WebSite\",\"@id\":\"https:\/\/cftmc-nc.com\/#website\",\"url\":\"https:\/\/cftmc-nc.com\/\",\"name\":\"WordPress\",\"description\":\"Un site utilisant WordPress\",\"publisher\":{\"@id\":\"https:\/\/cftmc-nc.com\/#organization\"},\"potentialAction\":[{\"@type\":\"SearchAction\",\"target\":{\"@type\":\"EntryPoint\",\"urlTemplate\":\"https:\/\/cftmc-nc.com\/?s={search_term_string}\"},\"query-input\":{\"@type\":\"PropertyValueSpecification\",\"valueRequired\":true,\"valueName\":\"search_term_string\"}}],\"inLanguage\":\"en-US\"},{\"@type\":\"Organization\",\"@id\":\"https:\/\/cftmc-nc.com\/#organization\",\"name\":\"WordPress\",\"url\":\"https:\/\/cftmc-nc.com\/\",\"logo\":{\"@type\":\"ImageObject\",\"inLanguage\":\"en-US\",\"@id\":\"https:\/\/cftmc-nc.com\/#\/schema\/logo\/image\/\",\"url\":\"https:\/\/cftmc-nc.com\/wp-content\/uploads\/2021\/10\/cropped-logocftmc.png\",\"contentUrl\":\"https:\/\/cftmc-nc.com\/wp-content\/uploads\/2021\/10\/cropped-logocftmc.png\",\"width\":500,\"height\":166,\"caption\":\"WordPress\"},\"image\":{\"@id\":\"https:\/\/cftmc-nc.com\/#\/schema\/logo\/image\/\"}}]}<\/script>\n<!-- \/ Yoast SEO plugin. -->","yoast_head_json":{"title":"Certificat de Pre\u0301pose\u0301 au Tir-CPT","description":"Ce stage pr\u00e9pare \u00e0 l\u2019examen du Certificat de Pr\u00e9pos\u00e9 au Tir. Dans le cadre des r\u00e9glementations relatives \u00e0 l\u2019emploi des explosifs.","robots":{"index":"noindex","follow":"follow"},"og_locale":"en_US","og_type":"article","og_title":"Certificat de Pre\u0301pose\u0301 au Tir-CPT","og_description":"Ce stage pr\u00e9pare \u00e0 l\u2019examen du Certificat de Pr\u00e9pos\u00e9 au Tir. Dans le cadre des r\u00e9glementations relatives \u00e0 l\u2019emploi des explosifs.","og_url":"https:\/\/cftmc-nc.com\/index.php\/certificat-de-prepose-au-tir-cpt\/","og_site_name":"WordPress","article_modified_time":"2023-10-08T11:54:19+00:00","twitter_card":"summary_large_image","twitter_misc":{"Est. reading time":"1 minute"},"schema":{"@context":"https:\/\/schema.org","@graph":[{"@type":"WebPage","@id":"https:\/\/cftmc-nc.com\/index.php\/certificat-de-prepose-au-tir-cpt\/","url":"https:\/\/cftmc-nc.com\/index.php\/certificat-de-prepose-au-tir-cpt\/","name":"Certificat de Pre\u0301pose\u0301 au Tir-CPT","isPartOf":{"@id":"https:\/\/cftmc-nc.com\/#website"},"datePublished":"2021-11-21T05:05:13+00:00","dateModified":"2023-10-08T11:54:19+00:00","description":"Ce stage pr\u00e9pare \u00e0 l\u2019examen du Certificat de Pr\u00e9pos\u00e9 au Tir. Dans le cadre des r\u00e9glementations relatives \u00e0 l\u2019emploi des explosifs.","breadcrumb":{"@id":"https:\/\/cftmc-nc.com\/index.php\/certificat-de-prepose-au-tir-cpt\/#breadcrumb"},"inLanguage":"en-US","potentialAction":[{"@type":"ReadAction","target":["https:\/\/cftmc-nc.com\/index.php\/certificat-de-prepose-au-tir-cpt\/"]}]},{"@type":"BreadcrumbList","@id":"https:\/\/cftmc-nc.com\/index.php\/certificat-de-prepose-au-tir-cpt\/#breadcrumb","itemListElement":[{"@type":"ListItem","position":1,"name":"Accueil","item":"https:\/\/cftmc-nc.com\/"},{"@type":"ListItem","position":2,"name":"Certificat de Pre\u0301pose\u0301 au Tir-CPT"}]},{"@type":"WebSite","@id":"https:\/\/cftmc-nc.com\/#website","url":"https:\/\/cftmc-nc.com\/","name":"WordPress","description":"Un site utilisant WordPress","publisher":{"@id":"https:\/\/cftmc-nc.com\/#organization"},"potentialAction":[{"@type":"SearchAction","target":{"@type":"EntryPoint","urlTemplate":"https:\/\/cftmc-nc.com\/?s={search_term_string}"},"query-input":{"@type":"PropertyValueSpecification","valueRequired":true,"valueName":"search_term_string"}}],"inLanguage":"en-US"},{"@type":"Organization","@id":"https:\/\/cftmc-nc.com\/#organization","name":"WordPress","url":"https:\/\/cftmc-nc.com\/","logo":{"@type":"ImageObject","inLanguage":"en-US","@id":"https:\/\/cftmc-nc.com\/#\/schema\/logo\/image\/","url":"https:\/\/cftmc-nc.com\/wp-content\/uploads\/2021\/10\/cropped-logocftmc.png","contentUrl":"https:\/\/cftmc-nc.com\/wp-content\/uploads\/2021\/10\/cropped-logocftmc.png","width":500,"height":166,"caption":"WordPress"},"image":{"@id":"https:\/\/cftmc-nc.com\/#\/schema\/logo\/image\/"}}]}},"_links":{"self":[{"href":"https:\/\/cftmc-nc.com\/index.php\/wp-json\/wp\/v2\/pages\/2183"}],"collection":[{"href":"https:\/\/cftmc-nc.com\/index.php\/wp-json\/wp\/v2\/pages"}],"about":[{"href":"https:\/\/cftmc-nc.com\/index.php\/wp-json\/wp\/v2\/types\/page"}],"author":[{"embeddable":true,"href":"https:\/\/cftmc-nc.com\/index.php\/wp-json\/wp\/v2\/users\/1"}],"replies":[{"embeddable":true,"href":"https:\/\/cftmc-nc.com\/index.php\/wp-json\/wp\/v2\/comments?post=2183"}],"version-history":[{"count":16,"href":"https:\/\/cftmc-nc.com\/index.php\/wp-json\/wp\/v2\/pages\/2183\/revisions"}],"predecessor-version":[{"id":2832,"href":"https:\/\/cftmc-nc.com\/index.php\/wp-json\/wp\/v2\/pages\/2183\/revisions\/2832"}],"wp:attachment":[{"href":"https:\/\/cftmc-nc.com\/index.php\/wp-json\/wp\/v2\/media?parent=2183"}],"curies":[{"name":"wp","href":"https:\/\/api.w.org\/{rel}","templated":true}]}}